{"id":17188,"date":"2025-05-03T22:20:39","date_gmt":"2025-05-03T20:20:39","guid":{"rendered":"https:\/\/aurelievain.fr\/?page_id=17188"},"modified":"2025-05-03T22:20:39","modified_gmt":"2025-05-03T20:20:39","slug":"marie-laure-terres-de-loiretaines","status":"publish","type":"page","link":"https:\/\/aurelievain.fr\/index.php\/marie-laure-terres-de-loiretaines\/","title":{"rendered":"Marie-Laure, Terres de Loir\u00e9taines"},"content":{"rendered":"<p>[et_pb_section fb_built=&#8221;1&#8243; _builder_version=&#8221;4.24.2&#8243; _module_preset=&#8221;default&#8221; global_colors_info=&#8221;{}&#8221; theme_builder_area=&#8221;post_content&#8221;][et_pb_row _builder_version=&#8221;4.24.2&#8243; _module_preset=&#8221;default&#8221; global_colors_info=&#8221;{}&#8221; theme_builder_area=&#8221;post_content&#8221;][et_pb_column type=&#8221;4_4&#8243; _builder_version=&#8221;4.24.2&#8243; _module_preset=&#8221;default&#8221; global_colors_info=&#8221;{}&#8221; theme_builder_area=&#8221;post_content&#8221;][et_pb_text _builder_version=&#8221;4.24.2&#8243; _module_preset=&#8221;default&#8221; global_colors_info=&#8221;{}&#8221; theme_builder_area=&#8221;post_content&#8221;]<\/p>\n<h1>Terres de Loir\u00e9taines.<\/h1>\n<p>[\/et_pb_text][et_pb_text _builder_version=&#8221;4.24.2&#8243; _module_preset=&#8221;default&#8221; hover_enabled=&#8221;0&#8243; global_colors_info=&#8221;{}&#8221; theme_builder_area=&#8221;post_content&#8221; sticky_enabled=&#8221;0&#8243;]<\/p>\n<h3>Marie-Laure Rauline, P\u00e9pini\u00e8res Javoy\u00a0<\/h3>\n<p>[\/et_pb_text][et_pb_text _builder_version=&#8221;4.24.2&#8243; _module_preset=&#8221;default&#8221; global_colors_info=&#8221;{}&#8221; theme_builder_area=&#8221;post_content&#8221;]<\/p>\n<p><span>J&#8217;ai \u00e9t\u00e9 choisie par le d\u00e9partement du Loiret <\/span><span>pour r\u00e9aliser les 17 portraits de Loir\u00e9taines engag\u00e9es et inspirantes.<br \/>C\u00e9r\u00e9ali\u00e8res, \u00e9leveuses, mara\u00eech\u00e8res, vigneronnes&#8230;toutes sont r\u00e9unies par la m\u00eame passion pour leur m\u00e9tier pourtant tr\u00e8s exigeant et chronophage. Bien souvent elles sont l\u00e0 o\u00f9 on ne les attend pas, \u00e0 exister dans ce milieu encore tr\u00e8s masculin et expos\u00e9 aux difficult\u00e9s climatiques et\/ou \u00e9conomiques. <\/span><span>&#8220;Terres de Loir\u00e9taines&#8221; dresse le portrait de ces 17 agricultrices.<\/span><br \/><span>Suivies et photographi\u00e9es durant leur activit\u00e9, pour capturer l&#8217;intime et le r\u00e9el. <\/span>Exposition visible du 8 au 28 mars 2025.<\/p>\n<p>Tous droits reserv\u00e9s.<\/p>\n<p>[\/et_pb_text][et_pb_text _builder_version=&#8221;4.24.2&#8243; _module_preset=&#8221;default&#8221; hover_enabled=&#8221;0&#8243; global_colors_info=&#8221;{}&#8221; theme_builder_area=&#8221;post_content&#8221; sticky_enabled=&#8221;0&#8243;]<\/p>\n<p>Saint-Cyr-en-Val, Loiret<\/p>\n<p>[\/et_pb_text][dmg_masonry_gallery gallery=&#8221;17194,17190,17191,17192,17193,17195,17196&#8243; _builder_version=&#8221;4.24.2&#8243; _module_preset=&#8221;default&#8221; hover_enabled=&#8221;0&#8243; global_colors_info=&#8221;{}&#8221; theme_builder_area=&#8221;post_content&#8221; sticky_enabled=&#8221;0&#8243;][\/dmg_masonry_gallery][\/et_pb_column][\/et_pb_row][\/et_pb_section]<\/p>\n","protected":false},"excerpt":{"rendered":"<p>Terres de Loir\u00e9taines.Marie-Laure Rauline, P\u00e9pini\u00e8res Javoy\u00a0J&#8217;ai \u00e9t\u00e9 choisie par le d\u00e9partement du Loiret pour r\u00e9aliser les 17 portraits de Loir\u00e9taines engag\u00e9es et inspirantes.C\u00e9r\u00e9ali\u00e8res, \u00e9leveuses, mara\u00eech\u00e8res, vigneronnes&#8230;toutes sont r\u00e9unies par la m\u00eame passion pour leur m\u00e9tier pourtant tr\u00e8s exigeant et chronophage. Bien souvent elles sont l\u00e0 o\u00f9 on ne les attend pas, \u00e0 exister dans ce [&hellip;]<\/p>\n","protected":false},"author":1,"featured_media":0,"parent":0,"menu_order":0,"comment_status":"closed","ping_status":"closed","template":"","meta":{"_et_pb_use_builder":"on","_et_pb_old_content":"","_et_gb_content_width":"","_monsterinsights_skip_tracking":false,"_monsterinsights_sitenote_active":false,"_monsterinsights_sitenote_note":"","_monsterinsights_sitenote_category":0,"footnotes":""},"class_list":["post-17188","page","type-page","status-publish","hentry"],"yoast_head":"<!-- This site is optimized with the Yoast SEO plugin v24.9 - https:\/\/yoast.com\/wordpress\/plugins\/seo\/ -->\n<title>Marie-Laure, Terres de Loir\u00e9taines - Aurelie Vain Photographe<\/title>\n<meta name=\"robots\" content=\"index, follow, max-snippet:-1, max-image-preview:large, max-video-preview:-1\" \/>\n<link rel=\"canonical\" href=\"https:\/\/aurelievain.fr\/index.php\/marie-laure-terres-de-loiretaines\/\" \/>\n<meta property=\"og:locale\" content=\"en_US\" \/>\n<meta property=\"og:type\" content=\"article\" \/>\n<meta property=\"og:title\" content=\"Marie-Laure, Terres de Loir\u00e9taines - Aurelie Vain Photographe\" \/>\n<meta property=\"og:description\" content=\"Terres de Loir\u00e9taines.Marie-Laure Rauline, P\u00e9pini\u00e8res Javoy\u00a0J&#039;ai \u00e9t\u00e9 choisie par le d\u00e9partement du Loiret pour r\u00e9aliser les 17 portraits de Loir\u00e9taines engag\u00e9es et inspirantes.C\u00e9r\u00e9ali\u00e8res, \u00e9leveuses, mara\u00eech\u00e8res, vigneronnes...toutes sont r\u00e9unies par la m\u00eame passion pour leur m\u00e9tier pourtant tr\u00e8s exigeant et chronophage. Bien souvent elles sont l\u00e0 o\u00f9 on ne les attend pas, \u00e0 exister dans ce [&hellip;]\" \/>\n<meta property=\"og:url\" content=\"https:\/\/aurelievain.fr\/index.php\/marie-laure-terres-de-loiretaines\/\" \/>\n<meta property=\"og:site_name\" content=\"Aurelie Vain Photographe\" \/>\n<meta name=\"twitter:card\" content=\"summary_large_image\" \/>\n<script type=\"application\/ld+json\" class=\"yoast-schema-graph\">{\"@context\":\"https:\/\/schema.org\",\"@graph\":[{\"@type\":\"WebPage\",\"@id\":\"https:\/\/aurelievain.fr\/index.php\/marie-laure-terres-de-loiretaines\/\",\"url\":\"https:\/\/aurelievain.fr\/index.php\/marie-laure-terres-de-loiretaines\/\",\"name\":\"Marie-Laure, Terres de Loir\u00e9taines - Aurelie Vain Photographe\",\"isPartOf\":{\"@id\":\"https:\/\/aurelievain.fr\/#website\"},\"datePublished\":\"2025-05-03T20:20:39+00:00\",\"breadcrumb\":{\"@id\":\"https:\/\/aurelievain.fr\/index.php\/marie-laure-terres-de-loiretaines\/#breadcrumb\"},\"inLanguage\":\"en-US\",\"potentialAction\":[{\"@type\":\"ReadAction\",\"target\":[\"https:\/\/aurelievain.fr\/index.php\/marie-laure-terres-de-loiretaines\/\"]}]},{\"@type\":\"BreadcrumbList\",\"@id\":\"https:\/\/aurelievain.fr\/index.php\/marie-laure-terres-de-loiretaines\/#breadcrumb\",\"itemListElement\":[{\"@type\":\"ListItem\",\"position\":1,\"name\":\"Home\",\"item\":\"https:\/\/aurelievain.fr\/\"},{\"@type\":\"ListItem\",\"position\":2,\"name\":\"Marie-Laure, Terres de Loir\u00e9taines\"}]},{\"@type\":\"WebSite\",\"@id\":\"https:\/\/aurelievain.fr\/#website\",\"url\":\"https:\/\/aurelievain.fr\/\",\"name\":\"Aurelie Vain Photographe\",\"description\":\"\",\"publisher\":{\"@id\":\"https:\/\/aurelievain.fr\/#organization\"},\"potentialAction\":[{\"@type\":\"SearchAction\",\"target\":{\"@type\":\"EntryPoint\",\"urlTemplate\":\"https:\/\/aurelievain.fr\/?s={search_term_string}\"},\"query-input\":{\"@type\":\"PropertyValueSpecification\",\"valueRequired\":true,\"valueName\":\"search_term_string\"}}],\"inLanguage\":\"en-US\"},{\"@type\":\"Organization\",\"@id\":\"https:\/\/aurelievain.fr\/#organization\",\"name\":\"Aurelie Vain Photographe\",\"url\":\"https:\/\/aurelievain.fr\/\",\"logo\":{\"@type\":\"ImageObject\",\"inLanguage\":\"en-US\",\"@id\":\"https:\/\/aurelievain.fr\/#\/schema\/logo\/image\/\",\"url\":\"https:\/\/aurelievain.fr\/wp-content\/uploads\/2024\/03\/cropped-cropped-cropped-signature-noire.png\",\"contentUrl\":\"https:\/\/aurelievain.fr\/wp-content\/uploads\/2024\/03\/cropped-cropped-cropped-signature-noire.png\",\"width\":423,\"height\":353,\"caption\":\"Aurelie Vain Photographe\"},\"image\":{\"@id\":\"https:\/\/aurelievain.fr\/#\/schema\/logo\/image\/\"}}]}<\/script>\n<!-- \/ Yoast SEO plugin. -->","yoast_head_json":{"title":"Marie-Laure, Terres de Loir\u00e9taines - Aurelie Vain Photographe","robots":{"index":"index","follow":"follow","max-snippet":"max-snippet:-1","max-image-preview":"max-image-preview:large","max-video-preview":"max-video-preview:-1"},"canonical":"https:\/\/aurelievain.fr\/index.php\/marie-laure-terres-de-loiretaines\/","og_locale":"en_US","og_type":"article","og_title":"Marie-Laure, Terres de Loir\u00e9taines - Aurelie Vain Photographe","og_description":"Terres de Loir\u00e9taines.Marie-Laure Rauline, P\u00e9pini\u00e8res Javoy\u00a0J'ai \u00e9t\u00e9 choisie par le d\u00e9partement du Loiret pour r\u00e9aliser les 17 portraits de Loir\u00e9taines engag\u00e9es et inspirantes.C\u00e9r\u00e9ali\u00e8res, \u00e9leveuses, mara\u00eech\u00e8res, vigneronnes...toutes sont r\u00e9unies par la m\u00eame passion pour leur m\u00e9tier pourtant tr\u00e8s exigeant et chronophage. Bien souvent elles sont l\u00e0 o\u00f9 on ne les attend pas, \u00e0 exister dans ce [&hellip;]","og_url":"https:\/\/aurelievain.fr\/index.php\/marie-laure-terres-de-loiretaines\/","og_site_name":"Aurelie Vain Photographe","twitter_card":"summary_large_image","schema":{"@context":"https:\/\/schema.org","@graph":[{"@type":"WebPage","@id":"https:\/\/aurelievain.fr\/index.php\/marie-laure-terres-de-loiretaines\/","url":"https:\/\/aurelievain.fr\/index.php\/marie-laure-terres-de-loiretaines\/","name":"Marie-Laure, Terres de Loir\u00e9taines - Aurelie Vain Photographe","isPartOf":{"@id":"https:\/\/aurelievain.fr\/#website"},"datePublished":"2025-05-03T20:20:39+00:00","breadcrumb":{"@id":"https:\/\/aurelievain.fr\/index.php\/marie-laure-terres-de-loiretaines\/#breadcrumb"},"inLanguage":"en-US","potentialAction":[{"@type":"ReadAction","target":["https:\/\/aurelievain.fr\/index.php\/marie-laure-terres-de-loiretaines\/"]}]},{"@type":"BreadcrumbList","@id":"https:\/\/aurelievain.fr\/index.php\/marie-laure-terres-de-loiretaines\/#breadcrumb","itemListElement":[{"@type":"ListItem","position":1,"name":"Home","item":"https:\/\/aurelievain.fr\/"},{"@type":"ListItem","position":2,"name":"Marie-Laure, Terres de Loir\u00e9taines"}]},{"@type":"WebSite","@id":"https:\/\/aurelievain.fr\/#website","url":"https:\/\/aurelievain.fr\/","name":"Aurelie Vain Photographe","description":"","publisher":{"@id":"https:\/\/aurelievain.fr\/#organization"},"potentialAction":[{"@type":"SearchAction","target":{"@type":"EntryPoint","urlTemplate":"https:\/\/aurelievain.fr\/?s={search_term_string}"},"query-input":{"@type":"PropertyValueSpecification","valueRequired":true,"valueName":"search_term_string"}}],"inLanguage":"en-US"},{"@type":"Organization","@id":"https:\/\/aurelievain.fr\/#organization","name":"Aurelie Vain Photographe","url":"https:\/\/aurelievain.fr\/","logo":{"@type":"ImageObject","inLanguage":"en-US","@id":"https:\/\/aurelievain.fr\/#\/schema\/logo\/image\/","url":"https:\/\/aurelievain.fr\/wp-content\/uploads\/2024\/03\/cropped-cropped-cropped-signature-noire.png","contentUrl":"https:\/\/aurelievain.fr\/wp-content\/uploads\/2024\/03\/cropped-cropped-cropped-signature-noire.png","width":423,"height":353,"caption":"Aurelie Vain Photographe"},"image":{"@id":"https:\/\/aurelievain.fr\/#\/schema\/logo\/image\/"}}]}},"_links":{"self":[{"href":"https:\/\/aurelievain.fr\/index.php\/wp-json\/wp\/v2\/pages\/17188","targetHints":{"allow":["GET"]}}],"collection":[{"href":"https:\/\/aurelievain.fr\/index.php\/wp-json\/wp\/v2\/pages"}],"about":[{"href":"https:\/\/aurelievain.fr\/index.php\/wp-json\/wp\/v2\/types\/page"}],"author":[{"embeddable":true,"href":"https:\/\/aurelievain.fr\/index.php\/wp-json\/wp\/v2\/users\/1"}],"replies":[{"embeddable":true,"href":"https:\/\/aurelievain.fr\/index.php\/wp-json\/wp\/v2\/comments?post=17188"}],"version-history":[{"count":2,"href":"https:\/\/aurelievain.fr\/index.php\/wp-json\/wp\/v2\/pages\/17188\/revisions"}],"predecessor-version":[{"id":17198,"href":"https:\/\/aurelievain.fr\/index.php\/wp-json\/wp\/v2\/pages\/17188\/revisions\/17198"}],"wp:attachment":[{"href":"https:\/\/aurelievain.fr\/index.php\/wp-json\/wp\/v2\/media?parent=17188"}],"curies":[{"name":"wp","href":"https:\/\/api.w.org\/{rel}","templated":true}]}}