{"id":16738,"date":"2024-04-07T22:00:42","date_gmt":"2024-04-07T20:00:42","guid":{"rendered":"https:\/\/aurelievain.fr\/?page_id=16738"},"modified":"2024-04-07T22:07:50","modified_gmt":"2024-04-07T20:07:50","slug":"soiree-fin-de-saison-olb","status":"publish","type":"page","link":"https:\/\/aurelievain.fr\/index.php\/soiree-fin-de-saison-olb\/","title":{"rendered":"Soir\u00e9e fin de saison OLB"},"content":{"rendered":"<p>[et_pb_section fb_built=&#8221;1&#8243; _builder_version=&#8221;4.24.2&#8243; _module_preset=&#8221;default&#8221; global_colors_info=&#8221;{}&#8221;][et_pb_row _builder_version=&#8221;4.24.2&#8243; _module_preset=&#8221;default&#8221; global_colors_info=&#8221;{}&#8221;][et_pb_column type=&#8221;4_4&#8243; _builder_version=&#8221;4.24.2&#8243; _module_preset=&#8221;default&#8221; global_colors_info=&#8221;{}&#8221;][et_pb_text _builder_version=&#8221;4.24.2&#8243; _module_preset=&#8221;default&#8221; global_colors_info=&#8221;{}&#8221;]<\/p>\n<p>Soir\u00e9e de fin saison 2020-2021 Orl\u00e9ans Loiret Basket<br \/>Ch\u00e2teau du Rollin, la Chapelle Saint Mesmin<\/p>\n<p>[\/et_pb_text][dmg_masonry_gallery gallery=&#8221;16740,16764,16744,16741,16742,16743,16745,16746,16747,16749,16750,16751,16752,16753,16755,16756,16757,16760,16761,16762,16763&#8243; gutter=&#8221;4&#8243; modal_background_color=&#8221;#FFFFFF&#8221; _builder_version=&#8221;4.24.2&#8243; _module_preset=&#8221;default&#8221; hover_enabled=&#8221;0&#8243; global_colors_info=&#8221;{}&#8221; sticky_enabled=&#8221;0&#8243;][\/dmg_masonry_gallery][\/et_pb_column][\/et_pb_row][\/et_pb_section]<\/p>\n","protected":false},"excerpt":{"rendered":"<p>Soir\u00e9e de fin saison 2020-2021 Orl\u00e9ans Loiret BasketCh\u00e2teau du Rollin, la Chapelle Saint Mesmin<div class=\"et_pb_module dmg_masonry_gallery dmg_masonry_gallery_0\">\n\t\t\t\t\n\t\t\t\t\n\t\t\t\t\n\t\t\t\t\n\t\t\t\t\n\t\t\t\t\n\t\t\t\t<div class=\"et_pb_module_inner\">\n\t\t\t\t\t\n\t\t\t<div class=\"dmg-gallery-wrapper\">\n\t\t\t\t\n\t\t\t\t<div class=\"dmg-gallery dmg-modal-gallery \">\n\t\t\t\t\t<div class=\"dmg-gallery-sizer\"><\/div>\n\t\t\t\t\t<div class=\"dmg-gutter-sizer\"><\/div>\n\t\t\t\t\t\n\t\t\t\t\t\t\t<a data-width=\"980\" data-height=\"653\" href=\"https:\/\/aurelievain.fr\/wp-content\/uploads\/2024\/04\/OLB-Soiree-Merci-2021-2.jpg\"  data-categories=\"\" class=\"dmg_masonry_gallery_item \" >\n\t\t\t\t\t\t\t\t<img class=\"dmg-lazyload\" alt=\"\" data-src=\"https:\/\/aurelievain.fr\/wp-content\/uploads\/2024\/04\/OLB-Soiree-Merci-2021-2-980x653.jpg\" width=\"980\" height=\"653\" \/>\n\t\t\t\t\t\t\t\t<span class=\"et_overlay\"><\/span>\n\t\t\t\t\t\t\t<\/a>\n\t\t\t\t\t\t\t\n\t\t\t\t\t\t\t<a data-width=\"980\" data-height=\"653\" href=\"https:\/\/aurelievain.fr\/wp-content\/uploads\/2024\/04\/OLB-Soiree-Merci-2021.jpg\"  data-categories=\"\" class=\"dmg_masonry_gallery_item \" >\n\t\t\t\t\t\t\t\t<img class=\"dmg-lazyload\" alt=\"\" data-src=\"https:\/\/aurelievain.fr\/wp-content\/uploads\/2024\/04\/OLB-Soiree-Merci-2021-980x653.jpg\" width=\"980\" height=\"653\" \/>\n\t\t\t\t\t\t\t\t<span class=\"et_overlay\"><\/span>\n\t\t\t\t\t\t\t<\/a>\n\t\t\t\t\t\t\t\n\t\t\t\t\t\t\t<a data-width=\"980\" data-height=\"653\" href=\"https:\/\/aurelievain.fr\/wp-content\/uploads\/2024\/04\/OLB-Soiree-Merci-2021-9.jpg\"  data-categories=\"\" class=\"dmg_masonry_gallery_item \" >\n\t\t\t\t\t\t\t\t<img class=\"dmg-lazyload\" alt=\"\" data-src=\"https:\/\/aurelievain.fr\/wp-content\/uploads\/2024\/04\/OLB-Soiree-Merci-2021-9-980x653.jpg\" width=\"980\" height=\"653\" \/>\n\t\t\t\t\t\t\t\t<span class=\"et_overlay\"><\/span>\n\t\t\t\t\t\t\t<\/a>\n\t\t\t\t\t\t\t\n\t\t\t\t\t\t\t<a data-width=\"980\" data-height=\"653\" href=\"https:\/\/aurelievain.fr\/wp-content\/uploads\/2024\/04\/OLB-Soiree-Merci-2021-5.jpg\"  data-categories=\"\" class=\"dmg_masonry_gallery_item \" >\n\t\t\t\t\t\t\t\t<img class=\"dmg-lazyload\" alt=\"\" data-src=\"https:\/\/aurelievain.fr\/wp-content\/uploads\/2024\/04\/OLB-Soiree-Merci-2021-5-980x653.jpg\" width=\"980\" height=\"653\" \/>\n\t\t\t\t\t\t\t\t<span class=\"et_overlay\"><\/span>\n\t\t\t\t\t\t\t<\/a>\n\t\t\t\t\t\t\t\n\t\t\t\t\t\t\t<a data-width=\"980\" data-height=\"653\" href=\"https:\/\/aurelievain.fr\/wp-content\/uploads\/2024\/04\/OLB-Soiree-Merci-2021-6.jpg\"  data-categories=\"\" class=\"dmg_masonry_gallery_item \" >\n\t\t\t\t\t\t\t\t<img class=\"dmg-lazyload\" alt=\"\" data-src=\"https:\/\/aurelievain.fr\/wp-content\/uploads\/2024\/04\/OLB-Soiree-Merci-2021-6-980x653.jpg\" width=\"980\" height=\"653\" \/>\n\t\t\t\t\t\t\t\t<span class=\"et_overlay\"><\/span>\n\t\t\t\t\t\t\t<\/a>\n\t\t\t\t\t\t\t\n\t\t\t\t\t\t\t<a data-width=\"980\" data-height=\"653\" href=\"https:\/\/aurelievain.fr\/wp-content\/uploads\/2024\/04\/OLB-Soiree-Merci-2021-7.jpg\"  data-categories=\"\" class=\"dmg_masonry_gallery_item \" >\n\t\t\t\t\t\t\t\t<img class=\"dmg-lazyload\" alt=\"\" data-src=\"https:\/\/aurelievain.fr\/wp-content\/uploads\/2024\/04\/OLB-Soiree-Merci-2021-7-980x653.jpg\" width=\"980\" height=\"653\" \/>\n\t\t\t\t\t\t\t\t<span class=\"et_overlay\"><\/span>\n\t\t\t\t\t\t\t<\/a>\n\t\t\t\t\t\t\t\n\t\t\t\t\t\t\t<a data-width=\"980\" data-height=\"653\" href=\"https:\/\/aurelievain.fr\/wp-content\/uploads\/2024\/04\/OLB-Soiree-Merci-2021-10.jpg\"  data-categories=\"\" class=\"dmg_masonry_gallery_item \" >\n\t\t\t\t\t\t\t\t<img class=\"dmg-lazyload\" alt=\"\" data-src=\"https:\/\/aurelievain.fr\/wp-content\/uploads\/2024\/04\/OLB-Soiree-Merci-2021-10-980x653.jpg\" width=\"980\" height=\"653\" \/>\n\t\t\t\t\t\t\t\t<span class=\"et_overlay\"><\/span>\n\t\t\t\t\t\t\t<\/a>\n\t\t\t\t\t\t\t\n\t\t\t\t\t\t\t<a data-width=\"980\" data-height=\"653\" href=\"https:\/\/aurelievain.fr\/wp-content\/uploads\/2024\/04\/OLB-Soiree-Merci-2021-12.jpg\"  data-categories=\"\" class=\"dmg_masonry_gallery_item \" >\n\t\t\t\t\t\t\t\t<img class=\"dmg-lazyload\" alt=\"\" data-src=\"https:\/\/aurelievain.fr\/wp-content\/uploads\/2024\/04\/OLB-Soiree-Merci-2021-12-980x653.jpg\" width=\"980\" height=\"653\" \/>\n\t\t\t\t\t\t\t\t<span class=\"et_overlay\"><\/span>\n\t\t\t\t\t\t\t<\/a>\n\t\t\t\t\t\t\t\n\t\t\t\t\t\t\t<a data-width=\"980\" data-height=\"653\" href=\"https:\/\/aurelievain.fr\/wp-content\/uploads\/2024\/04\/OLB-Soiree-Merci-2021-14.jpg\"  data-categories=\"\" class=\"dmg_masonry_gallery_item \" >\n\t\t\t\t\t\t\t\t<img class=\"dmg-lazyload\" alt=\"\" data-src=\"https:\/\/aurelievain.fr\/wp-content\/uploads\/2024\/04\/OLB-Soiree-Merci-2021-14-980x653.jpg\" width=\"980\" height=\"653\" \/>\n\t\t\t\t\t\t\t\t<span class=\"et_overlay\"><\/span>\n\t\t\t\t\t\t\t<\/a>\n\t\t\t\t\t\t\t\n\t\t\t\t\t\t\t<a data-width=\"980\" data-height=\"653\" href=\"https:\/\/aurelievain.fr\/wp-content\/uploads\/2024\/04\/OLB-Soiree-Merci-2021-19.jpg\"  data-categories=\"\" class=\"dmg_masonry_gallery_item \" >\n\t\t\t\t\t\t\t\t<img class=\"dmg-lazyload\" alt=\"\" data-src=\"https:\/\/aurelievain.fr\/wp-content\/uploads\/2024\/04\/OLB-Soiree-Merci-2021-19-980x653.jpg\" width=\"980\" height=\"653\" \/>\n\t\t\t\t\t\t\t\t<span class=\"et_overlay\"><\/span>\n\t\t\t\t\t\t\t<\/a>\n\t\t\t\t\t\t\t\n\t\t\t\t\t\t\t<a data-width=\"980\" data-height=\"653\" href=\"https:\/\/aurelievain.fr\/wp-content\/uploads\/2024\/04\/OLB-Soiree-Merci-2021-22.jpg\"  data-categories=\"\" class=\"dmg_masonry_gallery_item \" >\n\t\t\t\t\t\t\t\t<img class=\"dmg-lazyload\" alt=\"\" data-src=\"https:\/\/aurelievain.fr\/wp-content\/uploads\/2024\/04\/OLB-Soiree-Merci-2021-22-980x653.jpg\" width=\"980\" height=\"653\" \/>\n\t\t\t\t\t\t\t\t<span class=\"et_overlay\"><\/span>\n\t\t\t\t\t\t\t<\/a>\n\t\t\t\t\t\t\t\n\t\t\t\t\t\t\t<a data-width=\"980\" data-height=\"653\" href=\"https:\/\/aurelievain.fr\/wp-content\/uploads\/2024\/04\/OLB-Soiree-Merci-2021-24.jpg\"  data-categories=\"\" class=\"dmg_masonry_gallery_item \" >\n\t\t\t\t\t\t\t\t<img class=\"dmg-lazyload\" alt=\"\" data-src=\"https:\/\/aurelievain.fr\/wp-content\/uploads\/2024\/04\/OLB-Soiree-Merci-2021-24-980x653.jpg\" width=\"980\" height=\"653\" \/>\n\t\t\t\t\t\t\t\t<span class=\"et_overlay\"><\/span>\n\t\t\t\t\t\t\t<\/a>\n\t\t\t\t\t\t\t\n\t\t\t\t\t\t\t<a data-width=\"980\" data-height=\"653\" href=\"https:\/\/aurelievain.fr\/wp-content\/uploads\/2024\/04\/OLB-Soiree-Merci-2021-27.jpg\"  data-categories=\"\" class=\"dmg_masonry_gallery_item \" >\n\t\t\t\t\t\t\t\t<img class=\"dmg-lazyload\" alt=\"\" data-src=\"https:\/\/aurelievain.fr\/wp-content\/uploads\/2024\/04\/OLB-Soiree-Merci-2021-27-980x653.jpg\" width=\"980\" height=\"653\" \/>\n\t\t\t\t\t\t\t\t<span class=\"et_overlay\"><\/span>\n\t\t\t\t\t\t\t<\/a>\n\t\t\t\t\t\t\t\n\t\t\t\t\t\t\t<a data-width=\"980\" data-height=\"653\" href=\"https:\/\/aurelievain.fr\/wp-content\/uploads\/2024\/04\/OLB-Soiree-Merci-2021-30.jpg\"  data-categories=\"\" class=\"dmg_masonry_gallery_item \" >\n\t\t\t\t\t\t\t\t<img class=\"dmg-lazyload\" alt=\"\" data-src=\"https:\/\/aurelievain.fr\/wp-content\/uploads\/2024\/04\/OLB-Soiree-Merci-2021-30-980x653.jpg\" width=\"980\" height=\"653\" \/>\n\t\t\t\t\t\t\t\t<span class=\"et_overlay\"><\/span>\n\t\t\t\t\t\t\t<\/a>\n\t\t\t\t\t\t\t\n\t\t\t\t\t\t\t<a data-width=\"980\" data-height=\"653\" href=\"https:\/\/aurelievain.fr\/wp-content\/uploads\/2024\/04\/OLB-Soiree-Merci-2021-38.jpg\"  data-categories=\"\" class=\"dmg_masonry_gallery_item \" >\n\t\t\t\t\t\t\t\t<img class=\"dmg-lazyload\" alt=\"\" data-src=\"https:\/\/aurelievain.fr\/wp-content\/uploads\/2024\/04\/OLB-Soiree-Merci-2021-38-980x653.jpg\" width=\"980\" height=\"653\" \/>\n\t\t\t\t\t\t\t\t<span class=\"et_overlay\"><\/span>\n\t\t\t\t\t\t\t<\/a>\n\t\t\t\t\t\t\t\n\t\t\t\t\t\t\t<a data-width=\"980\" data-height=\"653\" href=\"https:\/\/aurelievain.fr\/wp-content\/uploads\/2024\/04\/OLB-Soiree-Merci-2021-40.jpg\"  data-categories=\"\" class=\"dmg_masonry_gallery_item \" >\n\t\t\t\t\t\t\t\t<img class=\"dmg-lazyload\" alt=\"\" data-src=\"https:\/\/aurelievain.fr\/wp-content\/uploads\/2024\/04\/OLB-Soiree-Merci-2021-40-980x653.jpg\" width=\"980\" height=\"653\" \/>\n\t\t\t\t\t\t\t\t<span class=\"et_overlay\"><\/span>\n\t\t\t\t\t\t\t<\/a>\n\t\t\t\t\t\t\t\n\t\t\t\t\t\t\t<a data-width=\"980\" data-height=\"653\" href=\"https:\/\/aurelievain.fr\/wp-content\/uploads\/2024\/04\/OLB-Soiree-Merci-2021-41.jpg\"  data-categories=\"\" class=\"dmg_masonry_gallery_item \" >\n\t\t\t\t\t\t\t\t<img class=\"dmg-lazyload\" alt=\"\" data-src=\"https:\/\/aurelievain.fr\/wp-content\/uploads\/2024\/04\/OLB-Soiree-Merci-2021-41-980x653.jpg\" width=\"980\" height=\"653\" \/>\n\t\t\t\t\t\t\t\t<span class=\"et_overlay\"><\/span>\n\t\t\t\t\t\t\t<\/a>\n\t\t\t\t\t\t\t\n\t\t\t\t\t\t\t<a data-width=\"980\" data-height=\"653\" href=\"https:\/\/aurelievain.fr\/wp-content\/uploads\/2024\/04\/OLB-Soiree-Merci-2021-45.jpg\"  data-categories=\"\" class=\"dmg_masonry_gallery_item \" >\n\t\t\t\t\t\t\t\t<img class=\"dmg-lazyload\" alt=\"\" data-src=\"https:\/\/aurelievain.fr\/wp-content\/uploads\/2024\/04\/OLB-Soiree-Merci-2021-45-980x653.jpg\" width=\"980\" height=\"653\" \/>\n\t\t\t\t\t\t\t\t<span class=\"et_overlay\"><\/span>\n\t\t\t\t\t\t\t<\/a>\n\t\t\t\t\t\t\t\n\t\t\t\t\t\t\t<a data-width=\"980\" data-height=\"653\" href=\"https:\/\/aurelievain.fr\/wp-content\/uploads\/2024\/04\/OLB-Soiree-Merci-2021-46.jpg\"  data-categories=\"\" class=\"dmg_masonry_gallery_item \" >\n\t\t\t\t\t\t\t\t<img class=\"dmg-lazyload\" alt=\"\" data-src=\"https:\/\/aurelievain.fr\/wp-content\/uploads\/2024\/04\/OLB-Soiree-Merci-2021-46-980x653.jpg\" width=\"980\" height=\"653\" \/>\n\t\t\t\t\t\t\t\t<span class=\"et_overlay\"><\/span>\n\t\t\t\t\t\t\t<\/a>\n\t\t\t\t\t\t\t\n\t\t\t\t\t\t\t<a data-width=\"980\" data-height=\"653\" href=\"https:\/\/aurelievain.fr\/wp-content\/uploads\/2024\/04\/OLB-Soiree-Merci-2021-47.jpg\"  data-categories=\"\" class=\"dmg_masonry_gallery_item \" >\n\t\t\t\t\t\t\t\t<img class=\"dmg-lazyload\" alt=\"\" data-src=\"https:\/\/aurelievain.fr\/wp-content\/uploads\/2024\/04\/OLB-Soiree-Merci-2021-47-980x653.jpg\" width=\"980\" height=\"653\" \/>\n\t\t\t\t\t\t\t\t<span class=\"et_overlay\"><\/span>\n\t\t\t\t\t\t\t<\/a>\n\t\t\t\t\t\t\t\n\t\t\t\t\t\t\t<a data-width=\"980\" data-height=\"653\" href=\"https:\/\/aurelievain.fr\/wp-content\/uploads\/2024\/04\/OLB-Soiree-Merci-2021-48.jpg\"  data-categories=\"\" class=\"dmg_masonry_gallery_item \" >\n\t\t\t\t\t\t\t\t<img class=\"dmg-lazyload\" alt=\"\" data-src=\"https:\/\/aurelievain.fr\/wp-content\/uploads\/2024\/04\/OLB-Soiree-Merci-2021-48-980x653.jpg\" width=\"980\" height=\"653\" \/>\n\t\t\t\t\t\t\t\t<span class=\"et_overlay\"><\/span>\n\t\t\t\t\t\t\t<\/a>\n\t\t\t\t\t\t\t\n\t  \t\t\t<\/div>\n\t  \t\t\t\n  \t\t\t<\/div>\n  \t\t\t\n\t\t\t\t<\/div>\n\t\t\t<\/div><\/p>\n","protected":false},"author":1,"featured_media":0,"parent":0,"menu_order":0,"comment_status":"closed","ping_status":"closed","template":"","meta":{"_et_pb_use_builder":"on","_et_pb_old_content":"","_et_gb_content_width":"","_monsterinsights_skip_tracking":false,"_monsterinsights_sitenote_active":false,"_monsterinsights_sitenote_note":"","_monsterinsights_sitenote_category":0,"footnotes":""},"class_list":["post-16738","page","type-page","status-publish","hentry"],"yoast_head":"<!-- This site is optimized with the Yoast SEO plugin v24.9 - https:\/\/yoast.com\/wordpress\/plugins\/seo\/ -->\n<title>Soir\u00e9e fin de saison OLB - Aurelie Vain Photographe<\/title>\n<meta name=\"robots\" content=\"index, follow, max-snippet:-1, max-image-preview:large, max-video-preview:-1\" \/>\n<link rel=\"canonical\" href=\"https:\/\/aurelievain.fr\/index.php\/soiree-fin-de-saison-olb\/\" \/>\n<meta property=\"og:locale\" content=\"en_US\" \/>\n<meta property=\"og:type\" content=\"article\" \/>\n<meta property=\"og:title\" content=\"Soir\u00e9e fin de saison OLB - Aurelie Vain Photographe\" \/>\n<meta property=\"og:description\" content=\"Soir\u00e9e de fin saison 2020-2021 Orl\u00e9ans Loiret BasketCh\u00e2teau du Rollin, la Chapelle Saint Mesmin\" \/>\n<meta property=\"og:url\" content=\"https:\/\/aurelievain.fr\/index.php\/soiree-fin-de-saison-olb\/\" \/>\n<meta property=\"og:site_name\" content=\"Aurelie Vain Photographe\" \/>\n<meta property=\"article:modified_time\" content=\"2024-04-07T20:07:50+00:00\" \/>\n<meta name=\"twitter:card\" content=\"summary_large_image\" \/>\n<meta name=\"twitter:label1\" content=\"Est. reading time\" \/>\n\t<meta name=\"twitter:data1\" content=\"1 minute\" \/>\n<script type=\"application\/ld+json\" class=\"yoast-schema-graph\">{\"@context\":\"https:\/\/schema.org\",\"@graph\":[{\"@type\":\"WebPage\",\"@id\":\"https:\/\/aurelievain.fr\/index.php\/soiree-fin-de-saison-olb\/\",\"url\":\"https:\/\/aurelievain.fr\/index.php\/soiree-fin-de-saison-olb\/\",\"name\":\"Soir\u00e9e fin de saison OLB - Aurelie Vain Photographe\",\"isPartOf\":{\"@id\":\"https:\/\/aurelievain.fr\/#website\"},\"datePublished\":\"2024-04-07T20:00:42+00:00\",\"dateModified\":\"2024-04-07T20:07:50+00:00\",\"breadcrumb\":{\"@id\":\"https:\/\/aurelievain.fr\/index.php\/soiree-fin-de-saison-olb\/#breadcrumb\"},\"inLanguage\":\"en-US\",\"potentialAction\":[{\"@type\":\"ReadAction\",\"target\":[\"https:\/\/aurelievain.fr\/index.php\/soiree-fin-de-saison-olb\/\"]}]},{\"@type\":\"BreadcrumbList\",\"@id\":\"https:\/\/aurelievain.fr\/index.php\/soiree-fin-de-saison-olb\/#breadcrumb\",\"itemListElement\":[{\"@type\":\"ListItem\",\"position\":1,\"name\":\"Home\",\"item\":\"https:\/\/aurelievain.fr\/\"},{\"@type\":\"ListItem\",\"position\":2,\"name\":\"Soir\u00e9e fin de saison OLB\"}]},{\"@type\":\"WebSite\",\"@id\":\"https:\/\/aurelievain.fr\/#website\",\"url\":\"https:\/\/aurelievain.fr\/\",\"name\":\"Aurelie Vain Photographe\",\"description\":\"\",\"publisher\":{\"@id\":\"https:\/\/aurelievain.fr\/#organization\"},\"potentialAction\":[{\"@type\":\"SearchAction\",\"target\":{\"@type\":\"EntryPoint\",\"urlTemplate\":\"https:\/\/aurelievain.fr\/?s={search_term_string}\"},\"query-input\":{\"@type\":\"PropertyValueSpecification\",\"valueRequired\":true,\"valueName\":\"search_term_string\"}}],\"inLanguage\":\"en-US\"},{\"@type\":\"Organization\",\"@id\":\"https:\/\/aurelievain.fr\/#organization\",\"name\":\"Aurelie Vain Photographe\",\"url\":\"https:\/\/aurelievain.fr\/\",\"logo\":{\"@type\":\"ImageObject\",\"inLanguage\":\"en-US\",\"@id\":\"https:\/\/aurelievain.fr\/#\/schema\/logo\/image\/\",\"url\":\"https:\/\/aurelievain.fr\/wp-content\/uploads\/2024\/03\/cropped-cropped-cropped-signature-noire.png\",\"contentUrl\":\"https:\/\/aurelievain.fr\/wp-content\/uploads\/2024\/03\/cropped-cropped-cropped-signature-noire.png\",\"width\":423,\"height\":353,\"caption\":\"Aurelie Vain Photographe\"},\"image\":{\"@id\":\"https:\/\/aurelievain.fr\/#\/schema\/logo\/image\/\"}}]}<\/script>\n<!-- \/ Yoast SEO plugin. -->","yoast_head_json":{"title":"Soir\u00e9e fin de saison OLB - Aurelie Vain Photographe","robots":{"index":"index","follow":"follow","max-snippet":"max-snippet:-1","max-image-preview":"max-image-preview:large","max-video-preview":"max-video-preview:-1"},"canonical":"https:\/\/aurelievain.fr\/index.php\/soiree-fin-de-saison-olb\/","og_locale":"en_US","og_type":"article","og_title":"Soir\u00e9e fin de saison OLB - Aurelie Vain Photographe","og_description":"Soir\u00e9e de fin saison 2020-2021 Orl\u00e9ans Loiret BasketCh\u00e2teau du Rollin, la Chapelle Saint Mesmin","og_url":"https:\/\/aurelievain.fr\/index.php\/soiree-fin-de-saison-olb\/","og_site_name":"Aurelie Vain Photographe","article_modified_time":"2024-04-07T20:07:50+00:00","twitter_card":"summary_large_image","twitter_misc":{"Est. reading time":"1 minute"},"schema":{"@context":"https:\/\/schema.org","@graph":[{"@type":"WebPage","@id":"https:\/\/aurelievain.fr\/index.php\/soiree-fin-de-saison-olb\/","url":"https:\/\/aurelievain.fr\/index.php\/soiree-fin-de-saison-olb\/","name":"Soir\u00e9e fin de saison OLB - Aurelie Vain Photographe","isPartOf":{"@id":"https:\/\/aurelievain.fr\/#website"},"datePublished":"2024-04-07T20:00:42+00:00","dateModified":"2024-04-07T20:07:50+00:00","breadcrumb":{"@id":"https:\/\/aurelievain.fr\/index.php\/soiree-fin-de-saison-olb\/#breadcrumb"},"inLanguage":"en-US","potentialAction":[{"@type":"ReadAction","target":["https:\/\/aurelievain.fr\/index.php\/soiree-fin-de-saison-olb\/"]}]},{"@type":"BreadcrumbList","@id":"https:\/\/aurelievain.fr\/index.php\/soiree-fin-de-saison-olb\/#breadcrumb","itemListElement":[{"@type":"ListItem","position":1,"name":"Home","item":"https:\/\/aurelievain.fr\/"},{"@type":"ListItem","position":2,"name":"Soir\u00e9e fin de saison OLB"}]},{"@type":"WebSite","@id":"https:\/\/aurelievain.fr\/#website","url":"https:\/\/aurelievain.fr\/","name":"Aurelie Vain Photographe","description":"","publisher":{"@id":"https:\/\/aurelievain.fr\/#organization"},"potentialAction":[{"@type":"SearchAction","target":{"@type":"EntryPoint","urlTemplate":"https:\/\/aurelievain.fr\/?s={search_term_string}"},"query-input":{"@type":"PropertyValueSpecification","valueRequired":true,"valueName":"search_term_string"}}],"inLanguage":"en-US"},{"@type":"Organization","@id":"https:\/\/aurelievain.fr\/#organization","name":"Aurelie Vain Photographe","url":"https:\/\/aurelievain.fr\/","logo":{"@type":"ImageObject","inLanguage":"en-US","@id":"https:\/\/aurelievain.fr\/#\/schema\/logo\/image\/","url":"https:\/\/aurelievain.fr\/wp-content\/uploads\/2024\/03\/cropped-cropped-cropped-signature-noire.png","contentUrl":"https:\/\/aurelievain.fr\/wp-content\/uploads\/2024\/03\/cropped-cropped-cropped-signature-noire.png","width":423,"height":353,"caption":"Aurelie Vain Photographe"},"image":{"@id":"https:\/\/aurelievain.fr\/#\/schema\/logo\/image\/"}}]}},"_links":{"self":[{"href":"https:\/\/aurelievain.fr\/index.php\/wp-json\/wp\/v2\/pages\/16738","targetHints":{"allow":["GET"]}}],"collection":[{"href":"https:\/\/aurelievain.fr\/index.php\/wp-json\/wp\/v2\/pages"}],"about":[{"href":"https:\/\/aurelievain.fr\/index.php\/wp-json\/wp\/v2\/types\/page"}],"author":[{"embeddable":true,"href":"https:\/\/aurelievain.fr\/index.php\/wp-json\/wp\/v2\/users\/1"}],"replies":[{"embeddable":true,"href":"https:\/\/aurelievain.fr\/index.php\/wp-json\/wp\/v2\/comments?post=16738"}],"version-history":[{"count":3,"href":"https:\/\/aurelievain.fr\/index.php\/wp-json\/wp\/v2\/pages\/16738\/revisions"}],"predecessor-version":[{"id":16768,"href":"https:\/\/aurelievain.fr\/index.php\/wp-json\/wp\/v2\/pages\/16738\/revisions\/16768"}],"wp:attachment":[{"href":"https:\/\/aurelievain.fr\/index.php\/wp-json\/wp\/v2\/media?parent=16738"}],"curies":[{"name":"wp","href":"https:\/\/api.w.org\/{rel}","templated":true}]}}