{"id":16626,"date":"2024-04-06T17:57:03","date_gmt":"2024-04-06T15:57:03","guid":{"rendered":"https:\/\/aurelievain.fr\/?page_id=16626"},"modified":"2024-04-06T17:57:11","modified_gmt":"2024-04-06T15:57:11","slug":"entreprise-le-kab","status":"publish","type":"page","link":"https:\/\/aurelievain.fr\/index.php\/entreprise-le-kab\/","title":{"rendered":"Entreprise &#8211; Le Kab"},"content":{"rendered":"<p>[et_pb_section fb_built=&#8221;1&#8243; theme_builder_area=&#8221;post_content&#8221; _builder_version=&#8221;4.24.2&#8243; _module_preset=&#8221;default&#8221;][et_pb_row _builder_version=&#8221;4.24.2&#8243; _module_preset=&#8221;default&#8221; theme_builder_area=&#8221;post_content&#8221;][et_pb_column _builder_version=&#8221;4.24.2&#8243; _module_preset=&#8221;default&#8221; type=&#8221;4_4&#8243; theme_builder_area=&#8221;post_content&#8221;][et_pb_text _builder_version=&#8221;4.24.2&#8243; _module_preset=&#8221;default&#8221; theme_builder_area=&#8221;post_content&#8221; hover_enabled=&#8221;0&#8243; sticky_enabled=&#8221;0&#8243;]<\/p>\n<p>Mise en valeur du Kab, cabinet de kin\u00e9sith\u00e9rapie du sport.<br \/>Photographies officielles pour r\u00e9seaux.<\/p>\n<p>Septembre 2022<\/p>\n<p>[\/et_pb_text][dmg_masonry_gallery _builder_version=&#8221;4.24.2&#8243; _module_preset=&#8221;default&#8221; theme_builder_area=&#8221;post_content&#8221; gallery=&#8221;16628,16630,16631,16642,16633,16634,16635,16636,16637,16639,16629,16640,16641&#8243; gutter=&#8221;4&#8243; modal_background_color=&#8221;#FFFFFF&#8221; hover_enabled=&#8221;0&#8243; sticky_enabled=&#8221;0&#8243;][\/dmg_masonry_gallery][\/et_pb_column][\/et_pb_row][\/et_pb_section]<\/p>\n","protected":false},"excerpt":{"rendered":"<p>Mise en valeur du Kab, cabinet de kin\u00e9sith\u00e9rapie du sport.Photographies officielles pour r\u00e9seaux. Septembre 2022<div class=\"et_pb_module dmg_masonry_gallery dmg_masonry_gallery_0\">\n\t\t\t\t\n\t\t\t\t\n\t\t\t\t\n\t\t\t\t\n\t\t\t\t\n\t\t\t\t\n\t\t\t\t<div class=\"et_pb_module_inner\">\n\t\t\t\t\t\n\t\t\t<div class=\"dmg-gallery-wrapper\">\n\t\t\t\t\n\t\t\t\t<div class=\"dmg-gallery dmg-modal-gallery \">\n\t\t\t\t\t<div class=\"dmg-gallery-sizer\"><\/div>\n\t\t\t\t\t<div class=\"dmg-gutter-sizer\"><\/div>\n\t\t\t\t\t\n\t\t\t\t\t\t\t<a data-width=\"980\" data-height=\"1470\" href=\"https:\/\/aurelievain.fr\/wp-content\/uploads\/2024\/04\/Berlin-2-1.jpg\"  data-categories=\"\" class=\"dmg_masonry_gallery_item \" >\n\t\t\t\t\t\t\t\t<img class=\"dmg-lazyload\" alt=\"\" data-src=\"https:\/\/aurelievain.fr\/wp-content\/uploads\/2024\/04\/Berlin-2-1-980x1470.jpg\" width=\"980\" height=\"1470\" \/>\n\t\t\t\t\t\t\t\t<span class=\"et_overlay\"><\/span>\n\t\t\t\t\t\t\t<\/a>\n\t\t\t\t\t\t\t\n\t\t\t\t\t\t\t<a data-width=\"980\" data-height=\"1470\" href=\"https:\/\/aurelievain.fr\/wp-content\/uploads\/2024\/04\/Berlin-4-1.jpg\"  data-categories=\"\" class=\"dmg_masonry_gallery_item \" >\n\t\t\t\t\t\t\t\t<img class=\"dmg-lazyload\" alt=\"\" data-src=\"https:\/\/aurelievain.fr\/wp-content\/uploads\/2024\/04\/Berlin-4-1-980x1470.jpg\" width=\"980\" height=\"1470\" \/>\n\t\t\t\t\t\t\t\t<span class=\"et_overlay\"><\/span>\n\t\t\t\t\t\t\t<\/a>\n\t\t\t\t\t\t\t\n\t\t\t\t\t\t\t<a data-width=\"980\" data-height=\"1470\" href=\"https:\/\/aurelievain.fr\/wp-content\/uploads\/2024\/04\/Berlin-5-1.jpg\"  data-categories=\"\" class=\"dmg_masonry_gallery_item \" >\n\t\t\t\t\t\t\t\t<img class=\"dmg-lazyload\" alt=\"\" data-src=\"https:\/\/aurelievain.fr\/wp-content\/uploads\/2024\/04\/Berlin-5-1-980x1470.jpg\" width=\"980\" height=\"1470\" \/>\n\t\t\t\t\t\t\t\t<span class=\"et_overlay\"><\/span>\n\t\t\t\t\t\t\t<\/a>\n\t\t\t\t\t\t\t\n\t\t\t\t\t\t\t<a data-width=\"980\" data-height=\"1470\" href=\"https:\/\/aurelievain.fr\/wp-content\/uploads\/2024\/04\/Berlin-1.jpg\"  data-categories=\"\" class=\"dmg_masonry_gallery_item \" >\n\t\t\t\t\t\t\t\t<img class=\"dmg-lazyload\" alt=\"\" data-src=\"https:\/\/aurelievain.fr\/wp-content\/uploads\/2024\/04\/Berlin-1-980x1470.jpg\" width=\"980\" height=\"1470\" \/>\n\t\t\t\t\t\t\t\t<span class=\"et_overlay\"><\/span>\n\t\t\t\t\t\t\t<\/a>\n\t\t\t\t\t\t\t\n\t\t\t\t\t\t\t<a data-width=\"980\" data-height=\"1470\" href=\"https:\/\/aurelievain.fr\/wp-content\/uploads\/2024\/04\/Berlin-7-1.jpg\"  data-categories=\"\" class=\"dmg_masonry_gallery_item \" >\n\t\t\t\t\t\t\t\t<img class=\"dmg-lazyload\" alt=\"\" data-src=\"https:\/\/aurelievain.fr\/wp-content\/uploads\/2024\/04\/Berlin-7-1-980x1470.jpg\" width=\"980\" height=\"1470\" \/>\n\t\t\t\t\t\t\t\t<span class=\"et_overlay\"><\/span>\n\t\t\t\t\t\t\t<\/a>\n\t\t\t\t\t\t\t\n\t\t\t\t\t\t\t<a data-width=\"980\" data-height=\"1470\" href=\"https:\/\/aurelievain.fr\/wp-content\/uploads\/2024\/04\/Berlin-8-1.jpg\"  data-categories=\"\" class=\"dmg_masonry_gallery_item \" >\n\t\t\t\t\t\t\t\t<img class=\"dmg-lazyload\" alt=\"\" data-src=\"https:\/\/aurelievain.fr\/wp-content\/uploads\/2024\/04\/Berlin-8-1-980x1470.jpg\" width=\"980\" height=\"1470\" \/>\n\t\t\t\t\t\t\t\t<span class=\"et_overlay\"><\/span>\n\t\t\t\t\t\t\t<\/a>\n\t\t\t\t\t\t\t\n\t\t\t\t\t\t\t<a data-width=\"980\" data-height=\"653\" href=\"https:\/\/aurelievain.fr\/wp-content\/uploads\/2024\/04\/Berlin-9-1.jpg\"  data-categories=\"\" class=\"dmg_masonry_gallery_item \" >\n\t\t\t\t\t\t\t\t<img class=\"dmg-lazyload\" alt=\"\" data-src=\"https:\/\/aurelievain.fr\/wp-content\/uploads\/2024\/04\/Berlin-9-1-980x653.jpg\" width=\"980\" height=\"653\" \/>\n\t\t\t\t\t\t\t\t<span class=\"et_overlay\"><\/span>\n\t\t\t\t\t\t\t<\/a>\n\t\t\t\t\t\t\t\n\t\t\t\t\t\t\t<a data-width=\"980\" data-height=\"1470\" href=\"https:\/\/aurelievain.fr\/wp-content\/uploads\/2024\/04\/Berlin-10-1.jpg\"  data-categories=\"\" class=\"dmg_masonry_gallery_item \" >\n\t\t\t\t\t\t\t\t<img class=\"dmg-lazyload\" alt=\"\" data-src=\"https:\/\/aurelievain.fr\/wp-content\/uploads\/2024\/04\/Berlin-10-1-980x1470.jpg\" width=\"980\" height=\"1470\" \/>\n\t\t\t\t\t\t\t\t<span class=\"et_overlay\"><\/span>\n\t\t\t\t\t\t\t<\/a>\n\t\t\t\t\t\t\t\n\t\t\t\t\t\t\t<a data-width=\"980\" data-height=\"653\" href=\"https:\/\/aurelievain.fr\/wp-content\/uploads\/2024\/04\/Berlin-11-1.jpg\"  data-categories=\"\" class=\"dmg_masonry_gallery_item \" >\n\t\t\t\t\t\t\t\t<img class=\"dmg-lazyload\" alt=\"\" data-src=\"https:\/\/aurelievain.fr\/wp-content\/uploads\/2024\/04\/Berlin-11-1-980x653.jpg\" width=\"980\" height=\"653\" \/>\n\t\t\t\t\t\t\t\t<span class=\"et_overlay\"><\/span>\n\t\t\t\t\t\t\t<\/a>\n\t\t\t\t\t\t\t\n\t\t\t\t\t\t\t<a data-width=\"980\" data-height=\"653\" href=\"https:\/\/aurelievain.fr\/wp-content\/uploads\/2024\/04\/Berlin-13-1.jpg\"  data-categories=\"\" class=\"dmg_masonry_gallery_item \" >\n\t\t\t\t\t\t\t\t<img class=\"dmg-lazyload\" alt=\"\" data-src=\"https:\/\/aurelievain.fr\/wp-content\/uploads\/2024\/04\/Berlin-13-1-980x653.jpg\" width=\"980\" height=\"653\" \/>\n\t\t\t\t\t\t\t\t<span class=\"et_overlay\"><\/span>\n\t\t\t\t\t\t\t<\/a>\n\t\t\t\t\t\t\t\n\t\t\t\t\t\t\t<a data-width=\"980\" data-height=\"1470\" href=\"https:\/\/aurelievain.fr\/wp-content\/uploads\/2024\/04\/Berlin-3-1.jpg\"  data-categories=\"\" class=\"dmg_masonry_gallery_item \" >\n\t\t\t\t\t\t\t\t<img class=\"dmg-lazyload\" alt=\"\" data-src=\"https:\/\/aurelievain.fr\/wp-content\/uploads\/2024\/04\/Berlin-3-1-980x1470.jpg\" width=\"980\" height=\"1470\" \/>\n\t\t\t\t\t\t\t\t<span class=\"et_overlay\"><\/span>\n\t\t\t\t\t\t\t<\/a>\n\t\t\t\t\t\t\t\n\t\t\t\t\t\t\t<a data-width=\"980\" data-height=\"653\" href=\"https:\/\/aurelievain.fr\/wp-content\/uploads\/2024\/04\/Berlin-14-1.jpg\"  data-categories=\"\" class=\"dmg_masonry_gallery_item \" >\n\t\t\t\t\t\t\t\t<img class=\"dmg-lazyload\" alt=\"\" data-src=\"https:\/\/aurelievain.fr\/wp-content\/uploads\/2024\/04\/Berlin-14-1-980x653.jpg\" width=\"980\" height=\"653\" \/>\n\t\t\t\t\t\t\t\t<span class=\"et_overlay\"><\/span>\n\t\t\t\t\t\t\t<\/a>\n\t\t\t\t\t\t\t\n\t\t\t\t\t\t\t<a data-width=\"980\" data-height=\"1470\" href=\"https:\/\/aurelievain.fr\/wp-content\/uploads\/2024\/04\/Berlin-15-1.jpg\"  data-categories=\"\" class=\"dmg_masonry_gallery_item \" >\n\t\t\t\t\t\t\t\t<img class=\"dmg-lazyload\" alt=\"\" data-src=\"https:\/\/aurelievain.fr\/wp-content\/uploads\/2024\/04\/Berlin-15-1-980x1470.jpg\" width=\"980\" height=\"1470\" \/>\n\t\t\t\t\t\t\t\t<span class=\"et_overlay\"><\/span>\n\t\t\t\t\t\t\t<\/a>\n\t\t\t\t\t\t\t\n\t  \t\t\t<\/div>\n\t  \t\t\t\n  \t\t\t<\/div>\n  \t\t\t\n\t\t\t\t<\/div>\n\t\t\t<\/div><\/p>\n","protected":false},"author":1,"featured_media":0,"parent":0,"menu_order":0,"comment_status":"closed","ping_status":"closed","template":"","meta":{"_et_pb_use_builder":"on","_et_pb_old_content":"","_et_gb_content_width":"","_monsterinsights_skip_tracking":false,"_monsterinsights_sitenote_active":false,"_monsterinsights_sitenote_note":"","_monsterinsights_sitenote_category":0,"footnotes":""},"class_list":["post-16626","page","type-page","status-publish","hentry"],"yoast_head":"<!-- This site is optimized with the Yoast SEO plugin v24.9 - https:\/\/yoast.com\/wordpress\/plugins\/seo\/ -->\n<title>Entreprise - Le Kab - Aurelie Vain Photographe<\/title>\n<meta name=\"robots\" content=\"index, follow, max-snippet:-1, max-image-preview:large, max-video-preview:-1\" \/>\n<link rel=\"canonical\" href=\"https:\/\/aurelievain.fr\/index.php\/entreprise-le-kab\/\" \/>\n<meta property=\"og:locale\" content=\"en_US\" \/>\n<meta property=\"og:type\" content=\"article\" \/>\n<meta property=\"og:title\" content=\"Entreprise - Le Kab - Aurelie Vain Photographe\" \/>\n<meta property=\"og:description\" content=\"Mise en valeur du Kab, cabinet de kin\u00e9sith\u00e9rapie du sport.Photographies officielles pour r\u00e9seaux. Septembre 2022\" \/>\n<meta property=\"og:url\" content=\"https:\/\/aurelievain.fr\/index.php\/entreprise-le-kab\/\" \/>\n<meta property=\"og:site_name\" content=\"Aurelie Vain Photographe\" \/>\n<meta property=\"article:modified_time\" content=\"2024-04-06T15:57:11+00:00\" \/>\n<meta name=\"twitter:card\" content=\"summary_large_image\" \/>\n<meta name=\"twitter:label1\" content=\"Est. reading time\" \/>\n\t<meta name=\"twitter:data1\" content=\"1 minute\" \/>\n<script type=\"application\/ld+json\" class=\"yoast-schema-graph\">{\"@context\":\"https:\/\/schema.org\",\"@graph\":[{\"@type\":\"WebPage\",\"@id\":\"https:\/\/aurelievain.fr\/index.php\/entreprise-le-kab\/\",\"url\":\"https:\/\/aurelievain.fr\/index.php\/entreprise-le-kab\/\",\"name\":\"Entreprise - Le Kab - Aurelie Vain Photographe\",\"isPartOf\":{\"@id\":\"https:\/\/aurelievain.fr\/#website\"},\"datePublished\":\"2024-04-06T15:57:03+00:00\",\"dateModified\":\"2024-04-06T15:57:11+00:00\",\"breadcrumb\":{\"@id\":\"https:\/\/aurelievain.fr\/index.php\/entreprise-le-kab\/#breadcrumb\"},\"inLanguage\":\"en-US\",\"potentialAction\":[{\"@type\":\"ReadAction\",\"target\":[\"https:\/\/aurelievain.fr\/index.php\/entreprise-le-kab\/\"]}]},{\"@type\":\"BreadcrumbList\",\"@id\":\"https:\/\/aurelievain.fr\/index.php\/entreprise-le-kab\/#breadcrumb\",\"itemListElement\":[{\"@type\":\"ListItem\",\"position\":1,\"name\":\"Home\",\"item\":\"https:\/\/aurelievain.fr\/\"},{\"@type\":\"ListItem\",\"position\":2,\"name\":\"Entreprise &#8211; Le Kab\"}]},{\"@type\":\"WebSite\",\"@id\":\"https:\/\/aurelievain.fr\/#website\",\"url\":\"https:\/\/aurelievain.fr\/\",\"name\":\"Aurelie Vain Photographe\",\"description\":\"\",\"publisher\":{\"@id\":\"https:\/\/aurelievain.fr\/#organization\"},\"potentialAction\":[{\"@type\":\"SearchAction\",\"target\":{\"@type\":\"EntryPoint\",\"urlTemplate\":\"https:\/\/aurelievain.fr\/?s={search_term_string}\"},\"query-input\":{\"@type\":\"PropertyValueSpecification\",\"valueRequired\":true,\"valueName\":\"search_term_string\"}}],\"inLanguage\":\"en-US\"},{\"@type\":\"Organization\",\"@id\":\"https:\/\/aurelievain.fr\/#organization\",\"name\":\"Aurelie Vain Photographe\",\"url\":\"https:\/\/aurelievain.fr\/\",\"logo\":{\"@type\":\"ImageObject\",\"inLanguage\":\"en-US\",\"@id\":\"https:\/\/aurelievain.fr\/#\/schema\/logo\/image\/\",\"url\":\"https:\/\/aurelievain.fr\/wp-content\/uploads\/2024\/03\/cropped-cropped-cropped-signature-noire.png\",\"contentUrl\":\"https:\/\/aurelievain.fr\/wp-content\/uploads\/2024\/03\/cropped-cropped-cropped-signature-noire.png\",\"width\":423,\"height\":353,\"caption\":\"Aurelie Vain Photographe\"},\"image\":{\"@id\":\"https:\/\/aurelievain.fr\/#\/schema\/logo\/image\/\"}}]}<\/script>\n<!-- \/ Yoast SEO plugin. -->","yoast_head_json":{"title":"Entreprise - Le Kab - Aurelie Vain Photographe","robots":{"index":"index","follow":"follow","max-snippet":"max-snippet:-1","max-image-preview":"max-image-preview:large","max-video-preview":"max-video-preview:-1"},"canonical":"https:\/\/aurelievain.fr\/index.php\/entreprise-le-kab\/","og_locale":"en_US","og_type":"article","og_title":"Entreprise - Le Kab - Aurelie Vain Photographe","og_description":"Mise en valeur du Kab, cabinet de kin\u00e9sith\u00e9rapie du sport.Photographies officielles pour r\u00e9seaux. Septembre 2022","og_url":"https:\/\/aurelievain.fr\/index.php\/entreprise-le-kab\/","og_site_name":"Aurelie Vain Photographe","article_modified_time":"2024-04-06T15:57:11+00:00","twitter_card":"summary_large_image","twitter_misc":{"Est. reading time":"1 minute"},"schema":{"@context":"https:\/\/schema.org","@graph":[{"@type":"WebPage","@id":"https:\/\/aurelievain.fr\/index.php\/entreprise-le-kab\/","url":"https:\/\/aurelievain.fr\/index.php\/entreprise-le-kab\/","name":"Entreprise - Le Kab - Aurelie Vain Photographe","isPartOf":{"@id":"https:\/\/aurelievain.fr\/#website"},"datePublished":"2024-04-06T15:57:03+00:00","dateModified":"2024-04-06T15:57:11+00:00","breadcrumb":{"@id":"https:\/\/aurelievain.fr\/index.php\/entreprise-le-kab\/#breadcrumb"},"inLanguage":"en-US","potentialAction":[{"@type":"ReadAction","target":["https:\/\/aurelievain.fr\/index.php\/entreprise-le-kab\/"]}]},{"@type":"BreadcrumbList","@id":"https:\/\/aurelievain.fr\/index.php\/entreprise-le-kab\/#breadcrumb","itemListElement":[{"@type":"ListItem","position":1,"name":"Home","item":"https:\/\/aurelievain.fr\/"},{"@type":"ListItem","position":2,"name":"Entreprise &#8211; Le Kab"}]},{"@type":"WebSite","@id":"https:\/\/aurelievain.fr\/#website","url":"https:\/\/aurelievain.fr\/","name":"Aurelie Vain Photographe","description":"","publisher":{"@id":"https:\/\/aurelievain.fr\/#organization"},"potentialAction":[{"@type":"SearchAction","target":{"@type":"EntryPoint","urlTemplate":"https:\/\/aurelievain.fr\/?s={search_term_string}"},"query-input":{"@type":"PropertyValueSpecification","valueRequired":true,"valueName":"search_term_string"}}],"inLanguage":"en-US"},{"@type":"Organization","@id":"https:\/\/aurelievain.fr\/#organization","name":"Aurelie Vain Photographe","url":"https:\/\/aurelievain.fr\/","logo":{"@type":"ImageObject","inLanguage":"en-US","@id":"https:\/\/aurelievain.fr\/#\/schema\/logo\/image\/","url":"https:\/\/aurelievain.fr\/wp-content\/uploads\/2024\/03\/cropped-cropped-cropped-signature-noire.png","contentUrl":"https:\/\/aurelievain.fr\/wp-content\/uploads\/2024\/03\/cropped-cropped-cropped-signature-noire.png","width":423,"height":353,"caption":"Aurelie Vain Photographe"},"image":{"@id":"https:\/\/aurelievain.fr\/#\/schema\/logo\/image\/"}}]}},"_links":{"self":[{"href":"https:\/\/aurelievain.fr\/index.php\/wp-json\/wp\/v2\/pages\/16626","targetHints":{"allow":["GET"]}}],"collection":[{"href":"https:\/\/aurelievain.fr\/index.php\/wp-json\/wp\/v2\/pages"}],"about":[{"href":"https:\/\/aurelievain.fr\/index.php\/wp-json\/wp\/v2\/types\/page"}],"author":[{"embeddable":true,"href":"https:\/\/aurelievain.fr\/index.php\/wp-json\/wp\/v2\/users\/1"}],"replies":[{"embeddable":true,"href":"https:\/\/aurelievain.fr\/index.php\/wp-json\/wp\/v2\/comments?post=16626"}],"version-history":[{"count":2,"href":"https:\/\/aurelievain.fr\/index.php\/wp-json\/wp\/v2\/pages\/16626\/revisions"}],"predecessor-version":[{"id":16644,"href":"https:\/\/aurelievain.fr\/index.php\/wp-json\/wp\/v2\/pages\/16626\/revisions\/16644"}],"wp:attachment":[{"href":"https:\/\/aurelievain.fr\/index.php\/wp-json\/wp\/v2\/media?parent=16626"}],"curies":[{"name":"wp","href":"https:\/\/api.w.org\/{rel}","templated":true}]}}